{"id":2880,"date":"2021-09-09T16:34:00","date_gmt":"2021-09-09T16:34:00","guid":{"rendered":"https:\/\/hpremaps.com\/?page_id=2880"},"modified":"2021-09-10T09:48:38","modified_gmt":"2021-09-10T09:48:38","slug":"no-refund-policy","status":"publish","type":"page","link":"https:\/\/hpremaps.com\/index.php\/no-refund-policy\/","title":{"rendered":"no refund policy"},"content":{"rendered":"<p><section class=\"kc-elm kc-css-945288 kc_row\"><div class=\"kc-row-container  kc-container\"><div class=\"kc-wrap-columns\"><div class=\"kc-elm kc-css-854499 kc_col-sm-12 kc_column kc_col-sm-12\"><div class=\"kc-col-container\"><div class=\"kc-elm kc-css-452806 kc_text_block\"><\/p>\n<p style=\"background-image: initial; background-position: initial; background-size: initial; background-repeat: initial; background-attachment: initial; background-origin: initial; background-clip: initial; vertical-align: baseline;\"><span style=\"font-size: 10.5pt; font-family: &#039;Arial&#039;,sans-serif; color: black;\">Client pays for the work done by our engineers , not for the result of that work. We will put everything in place to provide a good products and provide full support.<\/span><\/p>\n<p style=\"background-image: initial; background-position: initial; background-size: initial; background-repeat: initial; background-attachment: initial; background-origin: initial; background-clip: initial; vertical-align: baseline;\"><span style=\"color: black; font-family: Arial, sans-serif; font-size: 10.5pt;\">All labor we perform must be paid and for that reason, we will not refund full.<\/span><\/p>\n<p style=\"background-image: initial; background-position: initial; background-size: initial; background-repeat: initial; background-attachment: initial; background-origin: initial; background-clip: initial; vertical-align: baseline;\"><span style=\"color: black; font-family: Arial, sans-serif; font-size: 10.5pt;\">\u00a0<\/span><\/p>\n<p style=\"margin: 0cm; vertical-align: baseline;\"><span style=\"font-size: 10.0pt;\">Le client paie pour le travail effectu\u00e9 par nos ing\u00e9nieurs, pas pour le r\u00e9sultat de ce travail. Nous mettrons tout en place pour fournir de bons produits et fournir un support complet.<\/span><\/p>\n<p style=\"margin: 0cm; vertical-align: baseline; text-align: inherit; box-sizing: inherit;\"><span style=\"font-size: 10.0pt;\">Tout le travail que nous effectuons doit \u00eatre pay\u00e9 et pour cette raison, nous ne vous rembourserons pas int\u00e9gralement.<\/span><\/p>\n<p style=\"margin: 0cm; vertical-align: baseline; text-align: inherit; box-sizing: inherit;\"><span style=\"font-size: 10.0pt;\">\u00a0<\/span><\/p>\n<p style=\"margin: 0cm; vertical-align: baseline;\"><span style=\"font-size: 10.0pt;\">\u00a0<\/span><\/p>\n<p style=\"margin: 0cm; vertical-align: baseline; text-align: inherit; box-sizing: inherit;\"><span dir=\"RTL\" lang=\"AR-SA\" style=\"font-size: 10.0pt;\">\u0633\u064a\u0627\u0633\u0629 \u0627\u0644\u0627\u0633\u062a\u0631\u062c\u0627\u0639<\/span><\/p>\n<p style=\"margin: 0cm; vertical-align: baseline; text-align: inherit; box-sizing: inherit;\"><span style=\"font-size: 10.0pt;\">\u00a0<\/span><\/p>\n<p style=\"margin: 0cm; vertical-align: baseline; text-align: inherit; box-sizing: inherit;\"><span dir=\"RTL\" lang=\"AR-SA\" style=\"font-size: 10.0pt;\">\u064a\u062f\u0641\u0639 \u0627\u0644\u0639\u0645\u064a\u0644 \u0645\u0642\u0627\u0628\u0644 \u0627\u0644\u0639\u0645\u0644 \u0627\u0644\u0630\u064a \u064a\u0642\u0648\u0645 \u0628\u0647 \u0645\u0647\u0646\u062f\u0633\u064a\u0646\u0627 \u060c \u0648\u0644\u064a\u0633 \u0646\u062a\u064a\u062c\u0629 \u0630\u0644\u0643 \u0627\u0644\u0639\u0645\u0644. \u0633\u0646\u0636\u0639 \u0643\u0644 \u0634\u064a\u0621 \u0641\u064a \u0645\u0643\u0627\u0646\u0647 \u0644\u062a\u0642\u062f\u064a\u0645 \u0645\u0646\u062a\u062c\u0627\u062a \u062c\u064a\u062f\u0629 \u0648\u062a\u0642\u062f\u064a\u0645 \u0627\u0644\u062f\u0639\u0645 \u0627\u0644\u0643\u0627\u0645\u0644.<\/span><\/p>\n<p style=\"margin: 0cm; vertical-align: baseline; text-align: inherit; box-sizing: inherit;\"><span dir=\"RTL\" lang=\"AR-SA\" style=\"font-size: 10.0pt;\">\u064a\u062c\u0628 \u062f\u0641\u0639 \u062c\u0645\u064a\u0639 \u0627\u0644\u0623\u064a\u062f\u064a \u0627\u0644\u0639\u0627\u0645\u0644\u0629 \u0627\u0644\u062a\u064a \u0646\u0642\u0648\u0645 \u0628\u0647\u0627 \u060c \u0648\u0644\u0647\u0630\u0627 \u0627\u0644\u0633\u0628\u0628 \u060c \u0644\u0646 \u0646\u0631\u062f \u0623\u0645\u0648\u0627\u0644\u0643 \u0628\u0627\u0644\u0643\u0627\u0645\u0644.<\/span><\/p>\n<p style=\"margin: 0cm; vertical-align: baseline; text-align: inherit; box-sizing: inherit;\"><span style=\"font-size: 10.0pt;\">\u00a0<\/span><\/p>\n<p style=\"margin: 0cm; vertical-align: baseline; text-align: inherit; box-sizing: inherit;\"><span style=\"font-size: 10.0pt;\">\u00a0<\/span><\/p>\n<p style=\"margin: 0cm; vertical-align: baseline; text-align: inherit; box-sizing: inherit;\">\n<\/div><\/div><\/div><\/div><\/div><\/section><section class=\"kc-elm kc_row\"><div class=\"kc-row-container  kc-container\"><div class=\"kc-wrap-columns\"><div class=\"kc-elm kc-css-856126 kc_col-sm-12 kc_column kc_col-sm-12\"><div class=\"kc-col-container\"><div class=\"kc-elm kc_text_block\"><\/p>\n<p>\n<\/div><\/div><\/div><\/div><\/div><\/section><\/p>\n","protected":false},"excerpt":{"rendered":"","protected":false},"author":1,"featured_media":0,"parent":0,"menu_order":0,"comment_status":"closed","ping_status":"closed","template":"","meta":{"_mi_skip_tracking":false,"_monsterinsights_sitenote_active":false,"_monsterinsights_sitenote_note":"","_monsterinsights_sitenote_category":0,"footnotes":""},"aioseo_notices":[],"_links":{"self":[{"href":"https:\/\/hpremaps.com\/index.php\/wp-json\/wp\/v2\/pages\/2880"}],"collection":[{"href":"https:\/\/hpremaps.com\/index.php\/wp-json\/wp\/v2\/pages"}],"about":[{"href":"https:\/\/hpremaps.com\/index.php\/wp-json\/wp\/v2\/types\/page"}],"author":[{"embeddable":true,"href":"https:\/\/hpremaps.com\/index.php\/wp-json\/wp\/v2\/users\/1"}],"replies":[{"embeddable":true,"href":"https:\/\/hpremaps.com\/index.php\/wp-json\/wp\/v2\/comments?post=2880"}],"version-history":[{"count":6,"href":"https:\/\/hpremaps.com\/index.php\/wp-json\/wp\/v2\/pages\/2880\/revisions"}],"predecessor-version":[{"id":2882,"href":"https:\/\/hpremaps.com\/index.php\/wp-json\/wp\/v2\/pages\/2880\/revisions\/2882"}],"wp:attachment":[{"href":"https:\/\/hpremaps.com\/index.php\/wp-json\/wp\/v2\/media?parent=2880"}],"curies":[{"name":"wp","href":"https:\/\/api.w.org\/{rel}","templated":true}]}}